{"id":59952,"date":"2022-12-15T09:24:59","date_gmt":"2022-12-15T14:24:59","guid":{"rendered":"https:\/\/rrtenure2.bracketserver.com\/?page_id=59952"},"modified":"2022-12-15T09:24:59","modified_gmt":"2022-12-15T14:24:59","slug":"de-la-oscuridad-al-cielo-azul","status":"publish","type":"page","link":"https:\/\/rrtenure2.bracketserver.com\/es\/de-la-oscuridad-al-cielo-azul\/","title":{"rendered":"De la oscuridad al cielo azul: Un ejercicio de escucha de la Coalici\u00f3n"},"content":{"rendered":"<p><strong>A lo largo de 2022<\/strong>, cien l\u00edderes de redes de base de 22 pa\u00edses* -hombres, mujeres y j\u00f3venes de pueblos ind\u00edgenas, comunidades locales y pueblos afrodescendientes- fueron entrevistados sobre sus esperanzas, sue\u00f1os y temores para el futuro.<\/p>\n<p>Las entrevistas, encargadas por la Iniciativa para los Derechos y los Recursos y realizadas de forma an\u00f3nima, utilizaron un enfoque de \u00abpensamiento azul\u00bb, en el que creamos un espacio de forma libre para la lluvia de ideas y las novedades. Animamos a los participantes a tener una mentalidad abierta y a pensar m\u00e1s all\u00e1 de las preocupaciones cotidianas. Seg\u00fan el caso, hablamos en bahasa, ingl\u00e9s, franc\u00e9s, nepal\u00ed, portugu\u00e9s y espa\u00f1ol, a veces con interpretaci\u00f3n en lenguas Ind\u00edgenas. Buscamos claridad en lo que estos l\u00edderes quieren que sea el mundo en 2030 y m\u00e1s all\u00e1, c\u00f3mo se podr\u00eda hacer realidad ese mundo, y sus preocupaciones sobre el camino para llegar a \u00e9l.<\/p>\n<p>Lea lo que nos dijeron en este Informe Narrativo, De la oscuridad al cielo azul.<\/p>\n<img loading=\"lazy\" decoding=\"async\" src=\"https:\/\/rrtenure2.bracketserver.com\/wp-content\/uploads\/ES_Cover-232x300.jpg\" alt=\"\" width=\"450\" height=\"583\" class=\"aligncenter wp-image-59954\" srcset=\"https:\/\/rrtenure2.bracketserver.com\/wp-content\/uploads\/ES_Cover-232x300.jpg 232w, https:\/\/rrtenure2.bracketserver.com\/wp-content\/uploads\/ES_Cover.jpg 652w\" sizes=\"auto, (max-width: 450px) 100vw, 450px\" \/>\n<p><em>*Pa\u00edses de Am\u00e9rica Latina donde se entrevist\u00f3 a los l\u00edderes: Bolivia, Brasil, Colombia, Costa Rica, Ecuador, Guatemala, Honduras, M\u00e9xico, Nicaragua, Panam\u00e1 y Per\u00fa; en \u00c1frica: Camer\u00fan, Congo, Rep\u00fablica Democr\u00e1tica del Congo, Kenia y Madagascar; y en Asia: Bangladesh, Camboya, Indonesia, Malasia, Nepal y Tailandia.<\/em><\/p>\n<p><strong>Lectura adicional:<\/strong><\/p>\n<ul>\n<li>Lea la s\u00edntesis global completa de Blue Skies en:\n<ul>\n<li><a href=\"https:\/\/rrtenure2.bracketserver.com\/wp-content\/uploads\/ESP_21072022-Global-BlueSkies-RRI.pdf\">Espa\u00f1ol<\/a><\/li>\n<li><a href=\"https:\/\/rrtenure2.bracketserver.com\/wp-content\/uploads\/EN_21072022-Global-BlueSkies-RRI.pdf\">Ingl\u00e9s<\/a><\/li>\n<li><a href=\"https:\/\/rrtenure2.bracketserver.com\/wp-content\/uploads\/FR_21072022-Global-BlueSkies-RRI.pdf\">Francais<\/a><\/li>\n<\/ul>\n<\/li>\n<li>Para entrevistas regionales detalladas, escriba a <a href=\"mailto:mqureshi@rightsandresources.org\">Madiha Waris Qureshi.<\/a><\/li>\n<\/ul>\n","protected":false},"excerpt":{"rendered":"<p>A lo largo de 2022, cien l\u00edderes de redes de base de 22 pa\u00edses* -hombres, mujeres y j\u00f3venes de pueblos ind\u00edgenas, comunidades locales y pueblos&#8230;<\/p>\n","protected":false},"author":82,"featured_media":0,"parent":0,"menu_order":0,"comment_status":"closed","ping_status":"closed","template":"template-master.php","meta":{"_acf_changed":false,"inline_featured_image":false,"_monsterinsights_skip_tracking":false,"_monsterinsights_sitenote_active":false,"_monsterinsights_sitenote_note":"","_monsterinsights_sitenote_category":0,"footnotes":""},"class_list":["post-59952","page","type-page","status-publish","hentry","keywords-indigenous-peoples-es"],"acf":[],"aioseo_notices":[],"publishpress_future_action":{"enabled":false,"date":"2026-04-24 08:45:22","action":"change-status","newStatus":"draft","terms":[],"taxonomy":"translation_priority"},"publishpress_future_workflow_manual_trigger":{"enabledWorkflows":[]},"_links":{"self":[{"href":"https:\/\/rrtenure2.bracketserver.com\/es\/wp-json\/wp\/v2\/pages\/59952","targetHints":{"allow":["GET"]}}],"collection":[{"href":"https:\/\/rrtenure2.bracketserver.com\/es\/wp-json\/wp\/v2\/pages"}],"about":[{"href":"https:\/\/rrtenure2.bracketserver.com\/es\/wp-json\/wp\/v2\/types\/page"}],"author":[{"embeddable":true,"href":"https:\/\/rrtenure2.bracketserver.com\/es\/wp-json\/wp\/v2\/users\/82"}],"replies":[{"embeddable":true,"href":"https:\/\/rrtenure2.bracketserver.com\/es\/wp-json\/wp\/v2\/comments?post=59952"}],"version-history":[{"count":0,"href":"https:\/\/rrtenure2.bracketserver.com\/es\/wp-json\/wp\/v2\/pages\/59952\/revisions"}],"wp:attachment":[{"href":"https:\/\/rrtenure2.bracketserver.com\/es\/wp-json\/wp\/v2\/media?parent=59952"}],"curies":[{"name":"wp","href":"https:\/\/api.w.org\/{rel}","templated":true}]}}