{"id":67407,"date":"2024-06-07T16:49:25","date_gmt":"2024-06-07T20:49:25","guid":{"rendered":"https:\/\/rrtenure2.bracketserver.com\/?page_id=67407"},"modified":"2024-07-05T15:46:42","modified_gmt":"2024-07-05T19:46:42","slug":"evento-garantizar-los-derechos-de-tenencia-de-la-tierra-de-los-pueblos-afrodescendientes-en-america-latina-y-el-caribe","status":"publish","type":"page","link":"https:\/\/rrtenure2.bracketserver.com\/es\/evento-garantizar-los-derechos-de-tenencia-de-la-tierra-de-los-pueblos-afrodescendientes-en-america-latina-y-el-caribe\/","title":{"rendered":"Evento\u2014Asegurar los Derechos de Tenencia de la Tierra de los Pueblos Afrodescendientes en Am\u00e9rica Latina y el Caribe"},"content":{"rendered":"<p>Del 11 al 14 de junio tendr\u00e1 lugar en Bogot\u00e1, Colombia, el evento <strong>\u00abAsegurar los derechos de tenencia de la tierra de los pueblos afrodescendientes: Un camino efectivo hacia la conservaci\u00f3n y la acci\u00f3n frente al cambio clim\u00e1tico\u00bb <\/strong>que busca el reconocimiento de los Pueblos Afrodescendientes como sujetos de derechos, el compromiso y la visibilizaci\u00f3n de sus derechos territoriales para reconocer su papel en la conservaci\u00f3n y la acci\u00f3n contra el cambio clim\u00e1tico.<\/p>\n<p>En el evento se har\u00e1 entrega de los hallazgos m\u00e1s recientes que evidencian la territorialidad y el rol clave de los Pueblos Afrodescendientes de la regi\u00f3n en la protecci\u00f3n de la biodiversidad del planeta y recomendaciones dirigidas a distintos actores gubernamentales, intergubernamentales y donantes para que la categor\u00eda de Pueblos Afrodescendientes sea asumida como sujeto de derechos en escenarios internacionales de decisi\u00f3n sobre biodiversidad y cambio clim\u00e1tico.<\/p>\n<h2>Convocan<\/h2>\n<p>Desde la llegada de los pueblos africanos a Am\u00e9rica Latina hace cinco siglos, su aporte en todos los aspectos sociales, econ\u00f3micos, pol\u00edticos y ambientales de la regi\u00f3n ha sido fundamental para la misma. Ahora, l\u00edderes pol\u00edticos afrodescendientes, expertos acad\u00e9micos y de la sociedad civil, activistas de la Coalici\u00f3n por los Derechos Territoriales y Ambientales de los Pueblos Afrodescendientes de Am\u00e9rica Latina y el Caribe (que incluye a m\u00e1s de 25 organizaciones afrodescendientes, entre ellas, Proceso de Comunidades Negras (PCN), de Colombia, y la Coordinadora Nacional de Articulaci\u00f3n de Comunidades Negras Rurales Quilombolas (CONAQ) de Brasil) &#8211; en colaboraci\u00f3n con la Iniciativa de Derechos y Recursos y la Vicepresidencia de Colombia &#8211; trabajar\u00e1n conjuntamente durante este evento para visibilizar la urgente necesidad de reconocer los derechos de tenencia de la tierra de los Pueblos Afrodescendientes y el papel crucial de las comunidades en la conservaci\u00f3n de los biomas que son centrales para mitigar el cambio climatico y p\u00e9rdida de la biodiversidad.<\/p>\n<h2>Objetivos<\/h2>\n<ol>\n<li><strong>Lograr el reconocimiento<\/strong> de los Pueblos Afrodescendientes de Am\u00e9rica Latina y el Caribe como titulares de derechos con sus propias agendas basadas en derechos, y obtener derechos de representaci\u00f3n (Voz y Voto) en el CDB y la CMNUCC.<\/li>\n<li><strong>Pasar a la acci\u00f3n:<\/strong> Lograr compromisos de donantes, gobiernos y agencias internacionales para acciones concretas y mayor financiamiento para cerrar la brecha en el reconocimiento y protecci\u00f3n de los derechos territoriales de los Pueblos Afrodescendientes.<\/li>\n<li><strong>Compartir:<\/strong> Hacer visible a trav\u00e9s de datos y narraciones la territorialidad de los Pueblos Afrodescendientes y el papel que desempe\u00f1an en la mitigaci\u00f3n y adaptaci\u00f3n al cambio clim\u00e1tico y en la protecci\u00f3n de la biodiversidad en ecosistemas estrat\u00e9gicos.<\/li>\n<\/ol>\n<iframe loading=\"lazy\"  id=\"_ytid_78517\"  width=\"580\" height=\"326\"  data-origwidth=\"580\" data-origheight=\"326\" src=\"https:\/\/www.youtube.com\/embed\/upqdtUgOS8s?enablejsapi=1&autoplay=0&cc_load_policy=0&cc_lang_pref=&iv_load_policy=1&loop=0&rel=1&fs=1&playsinline=0&autohide=2&theme=dark&color=red&controls=1&\" class=\"__youtube_prefs__  no-lazyload\" title=\"YouTube player\"  allow=\"fullscreen; accelerometer; autoplay; clipboard-write; encrypted-media; gyroscope; picture-in-picture\" allowfullscreen data-no-lazy=\"1\" data-skipgform_ajax_framebjll=\"\"><\/iframe>\n<h2><strong>Contexto<\/strong><\/h2>\n<p>En Am\u00e9rica Latina y el Caribe, los Pueblos Afrodescendientes representan el 21% de la poblaci\u00f3n de la regi\u00f3n. Durante siglos, han forjado caminos y desarrollado pr\u00e1cticas arraigadas en conocimientos ancestrales. Sus territorios consuetudinarios incluyen bosques tropicales, humedales, matorrales y ecosistemas marinos que ahora son reconocidos como puntos cr\u00edticos de biodiversidad mundial cruciales para el logro de la Agenda 2030 y los ODS. Sin embargo, a pesar de su papel y contribuci\u00f3n cruciales, solo 8,1 millones de hect\u00e1reas han sido reconocidas oficialmente como propiedad de estas comunidades en seis pa\u00edses.<\/p>\n<p>Se espera que el evento marque un momento hist\u00f3rico para avanzar en el reconocimiento de los derechos territoriales de los pueblos afrodescendientes en Am\u00e9rica Latina y el Caribe y se considera fundamental para proteger la capacidad de las comunidades afrodescendientes para resistir las actividades legales e ilegales que ponen en peligro las contribuciones prometidas de sus pa\u00edses para cumplir con los objetivos de la Conferencia de las Partes en el Convenio sobre la Diversidad Biol\u00f3gica de las Naciones Unidas.<\/p>\n<ul>\n<li><strong>Inscr\u00edbase aqu\u00ed para el streaming del <a href=\"https:\/\/mailchi.mp\/643e0c472dfb\/espterritoriosafrolac\">evento<\/a> o visite este enlace durante los d\u00edas del evento: https:\/\/territoriosafrolac.co<\/strong><\/li>\n<li><strong>Descargue la Agenda en <a href=\"https:\/\/rrtenure2.bracketserver.com\/wp-content\/uploads\/ADP-Event-Agenda-EN.pdf?swcfpc=1\">ingl\u00e9s<\/a>\u00a0o <a href=\"https:\/\/rrtenure2.bracketserver.com\/wp-content\/uploads\/ADP-Event-Agenda-ES.pdf?swcfpc=1\">espa\u00f1ol<\/a><\/strong><\/li>\n<li><strong>Descargue el folleto oficial del evento en <a href=\"https:\/\/rrtenure2.bracketserver.com\/wp-content\/uploads\/ADP-Event-Flyer_EN-Final.pdf?swcfpc=1\">ingl\u00e9s<\/a>, <a href=\"https:\/\/rrtenure2.bracketserver.com\/wp-content\/uploads\/ADP-Event_1-pager_ES.pdf?swcfpc=1\">espa\u00f1ol<\/a> o <a href=\"https:\/\/rrtenure2.bracketserver.com\/wp-content\/uploads\/ADP-Event-Flyer_PT-Final.pdf?swcfpc=1\">portugu\u00e9s<\/a>.<\/strong><\/li>\n<\/ul>\n<h2><\/h2>\n<h2>Aqu\u00ed encontrar\u00e1 res\u00famenes diarios del evento!<\/h2>\n","protected":false},"excerpt":{"rendered":"<p>Del 11 al 14 de junio tendr\u00e1 lugar en Bogot\u00e1, Colombia, el evento \u00abAsegurar los derechos de tenencia de la tierra de los pueblos afrodescendientes:&#8230;<\/p>\n","protected":false},"author":88,"featured_media":0,"parent":0,"menu_order":0,"comment_status":"closed","ping_status":"closed","template":"template-master.php","meta":{"_acf_changed":false,"inline_featured_image":false,"_monsterinsights_skip_tracking":false,"_monsterinsights_sitenote_active":false,"_monsterinsights_sitenote_note":"","_monsterinsights_sitenote_category":0,"footnotes":""},"class_list":["post-67407","page","type-page","status-publish","hentry","keywords-latin-america-keyword-es-by-region-es","keywords-bolivia-keyword-es","keywords-brazil-es","keywords-columbia-keyword-es","keywords-rights-and-climate-keyword-es","keywords-guatemala-keyword-es","keywords-honduras-latin-america-keyword-es-by-region-es","keywords-mexico","keywords-nicaragua-keyword-es","keywords-panama-latin-america-keyword-es-by-region-es","keywords-peru-keyword-es","keywords-suriname-latin-america-keyword-es-by-region-es","keywords-venezuela-latin-america-keyword-es-by-region-es"],"acf":[],"aioseo_notices":[],"publishpress_future_action":{"enabled":false,"date":"2026-04-23 19:34:07","action":"change-status","newStatus":"draft","terms":[],"taxonomy":"translation_priority"},"publishpress_future_workflow_manual_trigger":{"enabledWorkflows":[]},"_links":{"self":[{"href":"https:\/\/rrtenure2.bracketserver.com\/es\/wp-json\/wp\/v2\/pages\/67407","targetHints":{"allow":["GET"]}}],"collection":[{"href":"https:\/\/rrtenure2.bracketserver.com\/es\/wp-json\/wp\/v2\/pages"}],"about":[{"href":"https:\/\/rrtenure2.bracketserver.com\/es\/wp-json\/wp\/v2\/types\/page"}],"author":[{"embeddable":true,"href":"https:\/\/rrtenure2.bracketserver.com\/es\/wp-json\/wp\/v2\/users\/88"}],"replies":[{"embeddable":true,"href":"https:\/\/rrtenure2.bracketserver.com\/es\/wp-json\/wp\/v2\/comments?post=67407"}],"version-history":[{"count":0,"href":"https:\/\/rrtenure2.bracketserver.com\/es\/wp-json\/wp\/v2\/pages\/67407\/revisions"}],"wp:attachment":[{"href":"https:\/\/rrtenure2.bracketserver.com\/es\/wp-json\/wp\/v2\/media?parent=67407"}],"curies":[{"name":"wp","href":"https:\/\/api.w.org\/{rel}","templated":true}]}}