{"id":59268,"date":"2022-08-26T12:36:44","date_gmt":"2022-08-26T16:36:44","guid":{"rendered":"https:\/\/rrtenure2.bracketserver.com\/?page_id=59268"},"modified":"2022-11-03T16:08:05","modified_gmt":"2022-11-03T20:08:05","slug":"tenir-lengagement-de-la-cdp26-sur-la-tenure-forestiere-pour-les-peuples-autochtones-et-les-communautes-locales","status":"publish","type":"page","link":"https:\/\/rrtenure2.bracketserver.com\/fr\/tenir-lengagement-de-la-cdp26-sur-la-tenure-forestiere-pour-les-peuples-autochtones-et-les-communautes-locales\/","title":{"rendered":"\u00c9v\u00e9nement \u2014 Combler le foss\u00e9 : travailler \u00e0 la r\u00e9alisation de la Promesse issue de la CdP26 en faveur de la tenure foresti\u00e8re"},"content":{"rendered":"","protected":false},"excerpt":{"rendered":"","protected":false},"author":60,"featured_media":0,"parent":0,"menu_order":0,"comment_status":"closed","ping_status":"closed","template":"template-master.php","meta":{"_acf_changed":false,"inline_featured_image":false,"_monsterinsights_skip_tracking":false,"_monsterinsights_sitenote_active":false,"_monsterinsights_sitenote_note":"","_monsterinsights_sitenote_category":0,"footnotes":""},"class_list":["post-59268","page","type-page","status-publish","hentry","keywords-by-issue-keyword","keywords-by-issue","keywords-climate-change-fr","keywords-climate-change","keywords-rights-and-climate-keyword-fr","keywords-global","keywords-global-fr-by-region","keywords-rights-and-climate-keyword"],"acf":[],"aioseo_notices":[],"publishpress_future_action":{"enabled":false,"date":"2026-04-24 08:58:13","action":"change-status","newStatus":"draft","terms":[],"taxonomy":"translation_priority"},"publishpress_future_workflow_manual_trigger":{"enabledWorkflows":[]},"_links":{"self":[{"href":"https:\/\/rrtenure2.bracketserver.com\/fr\/wp-json\/wp\/v2\/pages\/59268","targetHints":{"allow":["GET"]}}],"collection":[{"href":"https:\/\/rrtenure2.bracketserver.com\/fr\/wp-json\/wp\/v2\/pages"}],"about":[{"href":"https:\/\/rrtenure2.bracketserver.com\/fr\/wp-json\/wp\/v2\/types\/page"}],"author":[{"embeddable":true,"href":"https:\/\/rrtenure2.bracketserver.com\/fr\/wp-json\/wp\/v2\/users\/60"}],"replies":[{"embeddable":true,"href":"https:\/\/rrtenure2.bracketserver.com\/fr\/wp-json\/wp\/v2\/comments?post=59268"}],"version-history":[{"count":0,"href":"https:\/\/rrtenure2.bracketserver.com\/fr\/wp-json\/wp\/v2\/pages\/59268\/revisions"}],"wp:attachment":[{"href":"https:\/\/rrtenure2.bracketserver.com\/fr\/wp-json\/wp\/v2\/media?parent=59268"}],"curies":[{"name":"wp","href":"https:\/\/api.w.org\/{rel}","templated":true}]}}