{"id":71802,"date":"2024-12-21T12:27:56","date_gmt":"2024-12-21T17:27:56","guid":{"rendered":"https:\/\/rrtenure2.bracketserver.com\/outil-de-suivi-de-la-tenure-de-rri\/land-tenure-data\/rri-tenure-region-latin-america\/"},"modified":"2025-02-06T13:59:47","modified_gmt":"2025-02-06T18:59:47","slug":"outil-de-suivi-de-la-tenure-de-rri-amerique-latine","status":"publish","type":"page","link":"https:\/\/rrtenure2.bracketserver.com\/fr\/outil-de-suivi-de-la-tenure-de-rri\/donnees-sur-la-tenure-fonciere\/outil-de-suivi-de-la-tenure-de-rri-amerique-latine\/","title":{"rendered":"Donn\u00e9es sur le r\u00e9gime foncier en Am\u00e9rique latine"},"content":{"rendered":"","protected":false},"excerpt":{"rendered":"","protected":false},"author":76,"featured_media":0,"parent":71796,"menu_order":0,"comment_status":"closed","ping_status":"closed","template":"template_tenure.php","meta":{"_acf_changed":false,"inline_featured_image":false,"_monsterinsights_skip_tracking":false,"_monsterinsights_sitenote_active":false,"_monsterinsights_sitenote_note":"","_monsterinsights_sitenote_category":0,"footnotes":""},"class_list":["post-71802","page","type-page","status-publish","hentry"],"acf":[],"aioseo_notices":[],"publishpress_future_action":{"enabled":false,"date":"2026-04-23 08:19:27","action":"change-status","newStatus":"draft","terms":[],"taxonomy":"translation_priority"},"publishpress_future_workflow_manual_trigger":{"enabledWorkflows":[]},"_links":{"self":[{"href":"https:\/\/rrtenure2.bracketserver.com\/fr\/wp-json\/wp\/v2\/pages\/71802","targetHints":{"allow":["GET"]}}],"collection":[{"href":"https:\/\/rrtenure2.bracketserver.com\/fr\/wp-json\/wp\/v2\/pages"}],"about":[{"href":"https:\/\/rrtenure2.bracketserver.com\/fr\/wp-json\/wp\/v2\/types\/page"}],"author":[{"embeddable":true,"href":"https:\/\/rrtenure2.bracketserver.com\/fr\/wp-json\/wp\/v2\/users\/76"}],"replies":[{"embeddable":true,"href":"https:\/\/rrtenure2.bracketserver.com\/fr\/wp-json\/wp\/v2\/comments?post=71802"}],"version-history":[{"count":13,"href":"https:\/\/rrtenure2.bracketserver.com\/fr\/wp-json\/wp\/v2\/pages\/71802\/revisions"}],"predecessor-version":[{"id":72396,"href":"https:\/\/rrtenure2.bracketserver.com\/fr\/wp-json\/wp\/v2\/pages\/71802\/revisions\/72396"}],"up":[{"embeddable":true,"href":"https:\/\/rrtenure2.bracketserver.com\/fr\/wp-json\/wp\/v2\/pages\/71796"}],"wp:attachment":[{"href":"https:\/\/rrtenure2.bracketserver.com\/fr\/wp-json\/wp\/v2\/media?parent=71802"}],"curies":[{"name":"wp","href":"https:\/\/api.w.org\/{rel}","templated":true}]}}