{"id":72239,"date":"2025-01-31T16:04:27","date_gmt":"2025-01-31T21:04:27","guid":{"rendered":"https:\/\/rrtenure2.bracketserver.com\/?page_id=72239"},"modified":"2025-12-01T17:31:59","modified_gmt":"2025-12-01T22:31:59","slug":"donnees-sur-la-tenure-forestiere-la-solidite-des-droits-et-les-droits-des-femmes","status":"publish","type":"page","link":"https:\/\/rrtenure2.bracketserver.com\/fr\/outil-de-suivi-de-la-tenure-de-rri\/donnees-sur-la-tenure-forestiere-la-solidite-des-droits-et-les-droits-des-femmes\/","title":{"rendered":"Donn\u00e9es sur la tenure foresti\u00e8re, la solidit\u00e9 des droits et les droits des femmes"},"content":{"rendered":"<p>&nbsp;<\/p>\n<p>&nbsp;<\/p>\n","protected":false},"excerpt":{"rendered":"<p>&nbsp; &nbsp;<\/p>\n","protected":false},"author":76,"featured_media":0,"parent":69262,"menu_order":0,"comment_status":"closed","ping_status":"closed","template":"template_tenure.php","meta":{"_acf_changed":false,"inline_featured_image":false,"_monsterinsights_skip_tracking":false,"_monsterinsights_sitenote_active":false,"_monsterinsights_sitenote_note":"","_monsterinsights_sitenote_category":0,"footnotes":""},"class_list":["post-72239","page","type-page","status-publish","hentry"],"acf":[],"aioseo_notices":[],"publishpress_future_action":{"enabled":false,"date":"2026-04-23 08:20:42","action":"change-status","newStatus":"draft","terms":[],"taxonomy":"translation_priority"},"publishpress_future_workflow_manual_trigger":{"enabledWorkflows":[]},"_links":{"self":[{"href":"https:\/\/rrtenure2.bracketserver.com\/fr\/wp-json\/wp\/v2\/pages\/72239","targetHints":{"allow":["GET"]}}],"collection":[{"href":"https:\/\/rrtenure2.bracketserver.com\/fr\/wp-json\/wp\/v2\/pages"}],"about":[{"href":"https:\/\/rrtenure2.bracketserver.com\/fr\/wp-json\/wp\/v2\/types\/page"}],"author":[{"embeddable":true,"href":"https:\/\/rrtenure2.bracketserver.com\/fr\/wp-json\/wp\/v2\/users\/76"}],"replies":[{"embeddable":true,"href":"https:\/\/rrtenure2.bracketserver.com\/fr\/wp-json\/wp\/v2\/comments?post=72239"}],"version-history":[{"count":30,"href":"https:\/\/rrtenure2.bracketserver.com\/fr\/wp-json\/wp\/v2\/pages\/72239\/revisions"}],"predecessor-version":[{"id":73119,"href":"https:\/\/rrtenure2.bracketserver.com\/fr\/wp-json\/wp\/v2\/pages\/72239\/revisions\/73119"}],"up":[{"embeddable":true,"href":"https:\/\/rrtenure2.bracketserver.com\/fr\/wp-json\/wp\/v2\/pages\/69262"}],"wp:attachment":[{"href":"https:\/\/rrtenure2.bracketserver.com\/fr\/wp-json\/wp\/v2\/media?parent=72239"}],"curies":[{"name":"wp","href":"https:\/\/api.w.org\/{rel}","templated":true}]}}